{"id":83,"date":"2020-06-01T21:44:50","date_gmt":"2020-06-01T21:44:50","guid":{"rendered":"http:\/\/sosracismonafarroa.com\/?page_id=83"},"modified":"2020-06-23T09:28:04","modified_gmt":"2020-06-23T09:28:04","slug":"contacto","status":"publish","type":"page","link":"https:\/\/sosracismonafarroa.es\/index.php\/contacto\/","title":{"rendered":"Contacto"},"content":{"rendered":"\t\t<div data-elementor-type=\"wp-page\" data-elementor-id=\"83\" class=\"elementor elementor-83\" data-elementor-settings=\"[]\">\n\t\t\t\t\t\t<div class=\"elementor-inner\">\n\t\t\t\t\t\t\t<div class=\"elementor-section-wrap\">\n\t\t\t\t\t\t\t<section class=\"elementor-section elementor-top-section elementor-element elementor-element-fd210de elementor-section-boxed elementor-section-height-default elementor-section-height-default\" data-id=\"fd210de\" data-element_type=\"section\">\n\t\t\t\t\t\t<div class=\"elementor-container elementor-column-gap-default\">\n\t\t\t\t\t\t\t<div class=\"elementor-row\">\n\t\t\t\t\t<div class=\"elementor-column elementor-col-100 elementor-top-column elementor-element elementor-element-5d022d6\" data-id=\"5d022d6\" data-element_type=\"column\">\n\t\t\t<div class=\"elementor-column-wrap elementor-element-populated\">\n\t\t\t\t\t\t\t<div class=\"elementor-widget-wrap\">\n\t\t\t\t\t\t<div class=\"elementor-element elementor-element-fa8d02b elementor-widget elementor-widget-heading\" data-id=\"fa8d02b\" data-element_type=\"widget\" data-widget_type=\"heading.default\">\n\t\t\t\t<div class=\"elementor-widget-container\">\n\t\t\t<h2 class=\"elementor-heading-title elementor-size-default\">Contactanos\/Denuncia <\/h2>\t\t<\/div>\n\t\t\t\t<\/div>\n\t\t\t\t\t\t<\/div>\n\t\t\t\t\t<\/div>\n\t\t<\/div>\n\t\t\t\t\t\t\t\t<\/div>\n\t\t\t\t\t<\/div>\n\t\t<\/section>\n\t\t\t\t<section class=\"elementor-section elementor-top-section elementor-element elementor-element-f7ad7e0 elementor-section-boxed elementor-section-height-default elementor-section-height-default\" data-id=\"f7ad7e0\" data-element_type=\"section\">\n\t\t\t\t\t\t<div class=\"elementor-container elementor-column-gap-default\">\n\t\t\t\t\t\t\t<div class=\"elementor-row\">\n\t\t\t\t\t<div class=\"elementor-column elementor-col-100 elementor-top-column elementor-element elementor-element-6ed4c20\" data-id=\"6ed4c20\" data-element_type=\"column\">\n\t\t\t<div class=\"elementor-column-wrap elementor-element-populated\">\n\t\t\t\t\t\t\t<div class=\"elementor-widget-wrap\">\n\t\t\t\t\t\t<div class=\"elementor-element elementor-element-a364e8d elementor-widget elementor-widget-alert\" data-id=\"a364e8d\" data-element_type=\"widget\" data-widget_type=\"alert.default\">\n\t\t\t\t<div class=\"elementor-widget-container\">\n\t\t\t\t\t<div class=\"elementor-alert elementor-alert-success\" role=\"alert\">\n\t\t\t<span class=\"elementor-alert-title\">Puedes ponerte en contacto con nosotros en el siguiente formulario. <br>En caso de urgencia maxima a estos n\u00fameros de tel\u00e9fono. <br>Para una mejor atenci\u00f3n es preferible concertar cita previa.<\/span>\n\t\t\t\t\t\t\t<span class=\"elementor-alert-description\">Telefono Fijo: 948211521\n\nMovil: 646337808\n\n<\/span>\n\t\t\t\t\t\t\t\t\t\t<button type=\"button\" class=\"elementor-alert-dismiss\">\n\t\t\t\t\t<span aria-hidden=\"true\">&times;<\/span>\n\t\t\t\t\t<span class=\"elementor-screen-only\">Descartar alerta<\/span>\n\t\t\t\t<\/button>\n\t\t\t\t\t<\/div>\n\t\t\t\t<\/div>\n\t\t\t\t<\/div>\n\t\t\t\t\t\t<\/div>\n\t\t\t\t\t<\/div>\n\t\t<\/div>\n\t\t\t\t\t\t\t\t<\/div>\n\t\t\t\t\t<\/div>\n\t\t<\/section>\n\t\t\t\t<section class=\"elementor-section elementor-top-section elementor-element elementor-element-5f7564f elementor-section-boxed elementor-section-height-default elementor-section-height-default\" data-id=\"5f7564f\" data-element_type=\"section\">\n\t\t\t\t\t\t<div class=\"elementor-container elementor-column-gap-default\">\n\t\t\t\t\t\t\t<div class=\"elementor-row\">\n\t\t\t\t\t<div class=\"elementor-column elementor-col-100 elementor-top-column elementor-element elementor-element-f208c76\" data-id=\"f208c76\" data-element_type=\"column\">\n\t\t\t<div class=\"elementor-column-wrap elementor-element-populated\">\n\t\t\t\t\t\t\t<div class=\"elementor-widget-wrap\">\n\t\t\t\t\t\t<div class=\"elementor-element elementor-element-c440a91 elementor-button-align-stretch elementor-widget elementor-widget-form\" data-id=\"c440a91\" data-element_type=\"widget\" data-settings=\"{&quot;button_width&quot;:&quot;100&quot;,&quot;step_next_label&quot;:&quot;Next&quot;,&quot;step_previous_label&quot;:&quot;Previous&quot;,&quot;step_type&quot;:&quot;number_text&quot;,&quot;step_icon_shape&quot;:&quot;circle&quot;}\" data-widget_type=\"form.default\">\n\t\t\t\t<div class=\"elementor-widget-container\">\n\t\t\t\t\t<form class=\"elementor-form\" method=\"post\" name=\"formulario de contacto\">\n\t\t\t<input type=\"hidden\" name=\"post_id\" value=\"83\"\/>\n\t\t\t<input type=\"hidden\" name=\"form_id\" value=\"c440a91\"\/>\n\n\t\t\t\n\t\t\t<div class=\"elementor-form-fields-wrapper elementor-labels-above\">\n\t\t\t\t\t\t\t\t<div class=\"elementor-field-type-text elementor-field-group elementor-column elementor-field-group-name elementor-col-100 elementor-field-required elementor-mark-required\">\n\t\t\t\t\t<label for=\"form-field-name\" class=\"elementor-field-label\">Nombre<\/label><input size=\"1\" type=\"text\" name=\"form_fields[name]\" id=\"form-field-name\" class=\"elementor-field elementor-size-sm  elementor-field-textual\" placeholder=\"Name\" required=\"required\" aria-required=\"true\">\t\t\t\t<\/div>\n\t\t\t\t\t\t\t\t<div class=\"elementor-field-type-text elementor-field-group elementor-column elementor-field-group-field_2 elementor-col-100 elementor-field-required elementor-mark-required\">\n\t\t\t\t\t<label for=\"form-field-field_2\" class=\"elementor-field-label\">Asunto<\/label><input size=\"1\" type=\"text\" name=\"form_fields[field_2]\" id=\"form-field-field_2\" class=\"elementor-field elementor-size-sm  elementor-field-textual\" placeholder=\"Asunto\" required=\"required\" aria-required=\"true\">\t\t\t\t<\/div>\n\t\t\t\t\t\t\t\t<div class=\"elementor-field-type-text elementor-field-group elementor-column elementor-field-group-field_1 elementor-col-100 elementor-field-required elementor-mark-required\">\n\t\t\t\t\t<label for=\"form-field-field_1\" class=\"elementor-field-label\">Telefono de contacto o Email<\/label><input size=\"1\" type=\"text\" name=\"form_fields[field_1]\" id=\"form-field-field_1\" class=\"elementor-field elementor-size-sm  elementor-field-textual\" placeholder=\"Telefono de contacto o Email\" required=\"required\" aria-required=\"true\">\t\t\t\t<\/div>\n\t\t\t\t\t\t\t\t<div class=\"elementor-field-type-textarea elementor-field-group elementor-column elementor-field-group-message elementor-col-100 elementor-field-required elementor-mark-required\">\n\t\t\t\t\t<label for=\"form-field-message\" class=\"elementor-field-label\">Mensaje<\/label><textarea class=\"elementor-field-textual elementor-field  elementor-size-sm\" name=\"form_fields[message]\" id=\"form-field-message\" rows=\"4\" placeholder=\"Mensajes\" required=\"required\" aria-required=\"true\"><\/textarea>\t\t\t\t<\/div>\n\t\t\t\t\t\t\t\t<div class=\"elementor-field-group elementor-column elementor-field-type-submit elementor-col-100 e-form__buttons\">\n\t\t\t\t\t<button type=\"submit\" class=\"elementor-button elementor-size-lg\">\n\t\t\t\t\t\t<span >\n\t\t\t\t\t\t\t\t\t\t\t\t\t\t\t<span class=\" elementor-button-icon\">\n\t\t\t\t\t\t\t\t\t\t\t\t\t\t\t\t\t\t\t\t\t\t\t\t\t\t<\/span>\n\t\t\t\t\t\t\t\t\t\t\t\t\t\t\t\t\t\t\t\t\t\t<span class=\"elementor-button-text\">Enviar<\/span>\n\t\t\t\t\t\t\t\t\t\t\t\t\t<\/span>\n\t\t\t\t\t<\/button>\n\t\t\t\t<\/div>\n\t\t\t<\/div>\n\t\t<\/form>\n\t\t\t\t<\/div>\n\t\t\t\t<\/div>\n\t\t\t\t\t\t<\/div>\n\t\t\t\t\t<\/div>\n\t\t<\/div>\n\t\t\t\t\t\t\t\t<\/div>\n\t\t\t\t\t<\/div>\n\t\t<\/section>\n\t\t\t\t\t\t<\/div>\n\t\t\t\t\t\t<\/div>\n\t\t\t\t\t<\/div>\n\t\t","protected":false},"excerpt":{"rendered":"<p>Contactanos\/Denuncia Puedes ponerte en contacto con nosotros en el siguiente formulario. En caso de urgencia maxima a estos n\u00fameros de tel\u00e9fono. Para una mejor atenci\u00f3n es preferible concertar cita previa. Telefono Fijo: 948211521 Movil: 646337808 &times; Descartar alerta<\/p>\n","protected":false},"author":2,"featured_media":71,"parent":0,"menu_order":0,"comment_status":"closed","ping_status":"closed","template":"","meta":[],"yoast_head":"<!-- This site is optimized with the Yoast SEO plugin v15.9.1 - https:\/\/yoast.com\/wordpress\/plugins\/seo\/ -->\n<title>Contacto - SOS RACISMO NAFARROA<\/title>\n<link rel=\"canonical\" href=\"http:\/\/sosracismonafarroa.es\/index.php\/contacto\/\" \/>\n<meta property=\"og:locale\" content=\"es_ES\" \/>\n<meta property=\"og:type\" content=\"article\" \/>\n<meta property=\"og:title\" content=\"Contacto - SOS RACISMO NAFARROA\" \/>\n<meta property=\"og:description\" content=\"Contactanos\/Denuncia Puedes ponerte en contacto con nosotros en el siguiente formulario. En caso de urgencia maxima a estos n\u00fameros de tel\u00e9fono. Para una mejor atenci\u00f3n es preferible concertar cita previa. Telefono Fijo: 948211521 Movil: 646337808 &times; Descartar alerta\" \/>\n<meta property=\"og:url\" content=\"http:\/\/sosracismonafarroa.es\/index.php\/contacto\/\" \/>\n<meta property=\"og:site_name\" content=\"SOS RACISMO NAFARROA\" \/>\n<meta property=\"article:publisher\" content=\"https:\/\/www.facebook.com\/sos.nafarroa\/\" \/>\n<meta property=\"article:modified_time\" content=\"2020-06-23T09:28:04+00:00\" \/>\n<meta property=\"og:image\" content=\"https:\/\/sosracismonafarroa.es\/wp-content\/uploads\/2020\/06\/sosracismo_22735640.jpg\" \/>\n\t<meta property=\"og:image:width\" content=\"990\" \/>\n\t<meta property=\"og:image:height\" content=\"661\" \/>\n<meta name=\"twitter:card\" content=\"summary_large_image\" \/>\n<meta name=\"twitter:site\" content=\"@SOSracismoNafar\" \/>\n<script type=\"application\/ld+json\" class=\"yoast-schema-graph\">{\"@context\":\"https:\/\/schema.org\",\"@graph\":[{\"@type\":\"WebSite\",\"@id\":\"http:\/\/sosracismonafarroa.es\/#website\",\"url\":\"http:\/\/sosracismonafarroa.es\/\",\"name\":\"SOS RACISMO NAFARROA\",\"description\":\"Desde 1992 contra el racismo institucional\",\"potentialAction\":[{\"@type\":\"SearchAction\",\"target\":\"http:\/\/sosracismonafarroa.es\/?s={search_term_string}\",\"query-input\":\"required name=search_term_string\"}],\"inLanguage\":\"es\"},{\"@type\":\"ImageObject\",\"@id\":\"http:\/\/sosracismonafarroa.es\/index.php\/contacto\/#primaryimage\",\"inLanguage\":\"es\",\"url\":\"https:\/\/sosracismonafarroa.es\/wp-content\/uploads\/2020\/06\/sosracismo_22735640.jpg\",\"width\":990,\"height\":661},{\"@type\":\"WebPage\",\"@id\":\"http:\/\/sosracismonafarroa.es\/index.php\/contacto\/#webpage\",\"url\":\"http:\/\/sosracismonafarroa.es\/index.php\/contacto\/\",\"name\":\"Contacto - SOS RACISMO NAFARROA\",\"isPartOf\":{\"@id\":\"http:\/\/sosracismonafarroa.es\/#website\"},\"primaryImageOfPage\":{\"@id\":\"http:\/\/sosracismonafarroa.es\/index.php\/contacto\/#primaryimage\"},\"datePublished\":\"2020-06-01T21:44:50+00:00\",\"dateModified\":\"2020-06-23T09:28:04+00:00\",\"breadcrumb\":{\"@id\":\"http:\/\/sosracismonafarroa.es\/index.php\/contacto\/#breadcrumb\"},\"inLanguage\":\"es\",\"potentialAction\":[{\"@type\":\"ReadAction\",\"target\":[\"http:\/\/sosracismonafarroa.es\/index.php\/contacto\/\"]}]},{\"@type\":\"BreadcrumbList\",\"@id\":\"http:\/\/sosracismonafarroa.es\/index.php\/contacto\/#breadcrumb\",\"itemListElement\":[{\"@type\":\"ListItem\",\"position\":1,\"item\":{\"@type\":\"WebPage\",\"@id\":\"http:\/\/sosracismonafarroa.es\/\",\"url\":\"http:\/\/sosracismonafarroa.es\/\",\"name\":\"Portada\"}},{\"@type\":\"ListItem\",\"position\":2,\"item\":{\"@type\":\"WebPage\",\"@id\":\"http:\/\/sosracismonafarroa.es\/index.php\/contacto\/\",\"url\":\"http:\/\/sosracismonafarroa.es\/index.php\/contacto\/\",\"name\":\"Contacto\"}}]}]}<\/script>\n<!-- \/ Yoast SEO plugin. -->","_links":{"self":[{"href":"https:\/\/sosracismonafarroa.es\/index.php\/wp-json\/wp\/v2\/pages\/83"}],"collection":[{"href":"https:\/\/sosracismonafarroa.es\/index.php\/wp-json\/wp\/v2\/pages"}],"about":[{"href":"https:\/\/sosracismonafarroa.es\/index.php\/wp-json\/wp\/v2\/types\/page"}],"author":[{"embeddable":true,"href":"https:\/\/sosracismonafarroa.es\/index.php\/wp-json\/wp\/v2\/users\/2"}],"replies":[{"embeddable":true,"href":"https:\/\/sosracismonafarroa.es\/index.php\/wp-json\/wp\/v2\/comments?post=83"}],"version-history":[{"count":21,"href":"https:\/\/sosracismonafarroa.es\/index.php\/wp-json\/wp\/v2\/pages\/83\/revisions"}],"predecessor-version":[{"id":277,"href":"https:\/\/sosracismonafarroa.es\/index.php\/wp-json\/wp\/v2\/pages\/83\/revisions\/277"}],"wp:featuredmedia":[{"embeddable":true,"href":"https:\/\/sosracismonafarroa.es\/index.php\/wp-json\/wp\/v2\/media\/71"}],"wp:attachment":[{"href":"https:\/\/sosracismonafarroa.es\/index.php\/wp-json\/wp\/v2\/media?parent=83"}],"curies":[{"name":"wp","href":"https:\/\/api.w.org\/{rel}","templated":true}]}}