{"id":75,"date":"2020-06-01T21:31:50","date_gmt":"2020-06-01T21:31:50","guid":{"rendered":"http:\/\/sosracismonafarroa.com\/?page_id=75"},"modified":"2021-05-09T12:27:00","modified_gmt":"2021-05-09T12:27:00","slug":"quienes-somos","status":"publish","type":"page","link":"https:\/\/sosracismonafarroa.es\/index.php\/quienes-somos\/","title":{"rendered":"Quienes Somos"},"content":{"rendered":"\t\t<div data-elementor-type=\"wp-page\" data-elementor-id=\"75\" class=\"elementor elementor-75\" data-elementor-settings=\"[]\">\n\t\t\t\t\t\t<div class=\"elementor-inner\">\n\t\t\t\t\t\t\t<div class=\"elementor-section-wrap\">\n\t\t\t\t\t\t\t<section class=\"elementor-section elementor-top-section elementor-element elementor-element-a4883f4 elementor-section-boxed elementor-section-height-default elementor-section-height-default\" data-id=\"a4883f4\" data-element_type=\"section\">\n\t\t\t\t\t\t<div class=\"elementor-container elementor-column-gap-default\">\n\t\t\t\t\t\t\t<div class=\"elementor-row\">\n\t\t\t\t\t<div class=\"elementor-column elementor-col-100 elementor-top-column elementor-element elementor-element-80bd3ce\" data-id=\"80bd3ce\" data-element_type=\"column\">\n\t\t\t<div class=\"elementor-column-wrap elementor-element-populated\">\n\t\t\t\t\t\t\t<div class=\"elementor-widget-wrap\">\n\t\t\t\t\t\t<div class=\"elementor-element elementor-element-f8567ee elementor-widget elementor-widget-heading\" data-id=\"f8567ee\" data-element_type=\"widget\" data-widget_type=\"heading.default\">\n\t\t\t\t<div class=\"elementor-widget-container\">\n\t\t\t<h2 class=\"elementor-heading-title elementor-size-default\">Quienes Somos<\/h2>\t\t<\/div>\n\t\t\t\t<\/div>\n\t\t\t\t\t\t<\/div>\n\t\t\t\t\t<\/div>\n\t\t<\/div>\n\t\t\t\t\t\t\t\t<\/div>\n\t\t\t\t\t<\/div>\n\t\t<\/section>\n\t\t\t\t<section class=\"elementor-section elementor-top-section elementor-element elementor-element-be2e2d4 elementor-section-boxed elementor-section-height-default elementor-section-height-default\" data-id=\"be2e2d4\" data-element_type=\"section\">\n\t\t\t\t\t\t<div class=\"elementor-container elementor-column-gap-default\">\n\t\t\t\t\t\t\t<div class=\"elementor-row\">\n\t\t\t\t\t<div class=\"elementor-column elementor-col-100 elementor-top-column elementor-element elementor-element-f9a734a\" data-id=\"f9a734a\" data-element_type=\"column\">\n\t\t\t<div class=\"elementor-column-wrap elementor-element-populated\">\n\t\t\t\t\t\t\t<div class=\"elementor-widget-wrap\">\n\t\t\t\t\t\t<div class=\"elementor-element elementor-element-70302a5 elementor-widget elementor-widget-text-editor\" data-id=\"70302a5\" data-element_type=\"widget\" data-widget_type=\"text-editor.default\">\n\t\t\t\t<div class=\"elementor-widget-container\">\n\t\t\t\t\t<div class=\"elementor-text-editor elementor-clearfix\"><p>Somos una asociaci\u00f3n antirracista cuyo objetivos principales son la defensa de la igualdad de derechos y la\u00a0lucha contra cualquier forma de discriminaci\u00f3n por origen, cultural o por pertenencia a grupo \u00e9tnico, para lo cual trabaja por una transformaci\u00f3n social profunda y por un cambio estructural sustentado en la igualdad de derechos y en el reconocimiento de la diversidad como elemento vertebrador.\u00a0Nos definimos como una asociaci\u00f3n sin \u00e1nimo de lucro, de acci\u00f3n antirracista, independiente y pluri\u00e9tnica. Nos coordinamos con otras asociaciones, entidades y plataformas, para lograr que la actividad tenga repercusi\u00f3n a nivel local, estatal e internacional y generar sinergias a trav\u00e9s del trabajo en red. Pertenece a la Federaci\u00f3n de Asociaciones de SOS Racismo del Estado Espa\u00f1ol que se constituy\u00f3 en 1995 entre las distintas Asociaciones de SOS Racismo existentes en el estado.<\/p><\/div>\n\t\t\t\t<\/div>\n\t\t\t\t<\/div>\n\t\t\t\t\t\t<\/div>\n\t\t\t\t\t<\/div>\n\t\t<\/div>\n\t\t\t\t\t\t\t\t<\/div>\n\t\t\t\t\t<\/div>\n\t\t<\/section>\n\t\t\t\t<section class=\"elementor-section elementor-top-section elementor-element elementor-element-c55c1bc elementor-section-boxed elementor-section-height-default elementor-section-height-default\" data-id=\"c55c1bc\" data-element_type=\"section\">\n\t\t\t\t\t\t<div class=\"elementor-container elementor-column-gap-default\">\n\t\t\t\t\t\t\t<div class=\"elementor-row\">\n\t\t\t\t\t<div class=\"elementor-column elementor-col-100 elementor-top-column elementor-element elementor-element-d2fbae6\" data-id=\"d2fbae6\" data-element_type=\"column\">\n\t\t\t<div class=\"elementor-column-wrap elementor-element-populated\">\n\t\t\t\t\t\t\t<div class=\"elementor-widget-wrap\">\n\t\t\t\t\t\t<div class=\"elementor-element elementor-element-3f094eb elementor-widget elementor-widget-heading\" data-id=\"3f094eb\" data-element_type=\"widget\" data-widget_type=\"heading.default\">\n\t\t\t\t<div class=\"elementor-widget-container\">\n\t\t\t<h2 class=\"elementor-heading-title elementor-size-default\">Nuestros Fines<\/h2>\t\t<\/div>\n\t\t\t\t<\/div>\n\t\t\t\t\t\t<\/div>\n\t\t\t\t\t<\/div>\n\t\t<\/div>\n\t\t\t\t\t\t\t\t<\/div>\n\t\t\t\t\t<\/div>\n\t\t<\/section>\n\t\t\t\t<section class=\"elementor-section elementor-top-section elementor-element elementor-element-bfba961 elementor-section-boxed elementor-section-height-default elementor-section-height-default\" data-id=\"bfba961\" data-element_type=\"section\">\n\t\t\t\t\t\t<div class=\"elementor-container elementor-column-gap-default\">\n\t\t\t\t\t\t\t<div class=\"elementor-row\">\n\t\t\t\t\t<div class=\"elementor-column elementor-col-100 elementor-top-column elementor-element elementor-element-6ca1491\" data-id=\"6ca1491\" data-element_type=\"column\">\n\t\t\t<div class=\"elementor-column-wrap elementor-element-populated\">\n\t\t\t\t\t\t\t<div class=\"elementor-widget-wrap\">\n\t\t\t\t\t\t<div class=\"elementor-element elementor-element-fcdff33 elementor-widget elementor-widget-text-editor\" data-id=\"fcdff33\" data-element_type=\"widget\" data-widget_type=\"text-editor.default\">\n\t\t\t\t<div class=\"elementor-widget-container\">\n\t\t\t\t\t<div class=\"elementor-text-editor elementor-clearfix\"><ul><li>\u00a0Luchar contra cualquier forma de discriminaci\u00f3n por origen, cultural o pertenencia a grupo \u00e9tnico, a trav\u00e9s de tres ejes fundamentales: la sensibilizaci\u00f3n, la prevenci\u00f3n y la denuncia.<\/li><li>Sensibilizar sobre la riqueza que aporta la diversidad, basada en la igualdad efectiva de derechos y oportunidades.<\/li><li>Cuestionar y desmontar los estereotipos, prejuicios y estigmas, que sustentan y fomentan las diversas manifestaciones del racismo y la xenofobia.<\/li><li>Denunciar situaciones de discriminaci\u00f3n por origen, utilizando en cada caso la v\u00eda m\u00e1s adecuada: mediaci\u00f3n, queja ante el Defensor del Pueblo o la instituci\u00f3n competente, denuncia p\u00fablica, v\u00eda administrativa o penal, etc.<\/li><li>Crear espacios de encuentro entre personas de diferente origen, en los que se puedan dar relaciones horizontales y di\u00e1logos en planos de igualdad.<\/li><li>Fortalecer el tejido asociativo y del movimiento social de Navarra y en concreto el de Pamplona y su comarca.<\/li><li>Actuar como instrumento de sensibilizaci\u00f3n y presi\u00f3n ante los Municipios, la Comunidad Foral, el Estado y la Uni\u00f3n Europea, con el fin de conseguir la adopci\u00f3n de pol\u00edticas que respeten los derechos humanos y que traten las migraciones desde un punto de vista amplio, que contemple y fije las responsabilidades sobre las causas que las originan, los trayectos y la llegada.<\/li><li>Intervenir como interlocutor antes las distintas Administraciones P\u00fablicas en temas relacionados con la discriminaci\u00f3n por origen, cultural o pertenencia a grupo \u00e9tnico, participando en cuantos foros se convoque a la Asociaci\u00f3n y se considere oportuna su presencia.<\/li><li>Desarrollar actividades y acciones de sensibilizaci\u00f3n y denuncia contra la discriminaci\u00f3n por origen, cultural o pertenencia a grupo \u00e9tnico, en consonancia con los fines anteriormente citados.<\/li><li>Intervenir en espacios educativos (formales y no formales) con el fin de sensibilizar acerca de la importancia de considerar la diversidad como cuesti\u00f3n central y generar una visi\u00f3n critica de las pol\u00edticas migratorias y de extranjer\u00eda y las diversas formas de Racismo y Xenofobia<\/li><\/ul><\/div>\n\t\t\t\t<\/div>\n\t\t\t\t<\/div>\n\t\t\t\t\t\t<\/div>\n\t\t\t\t\t<\/div>\n\t\t<\/div>\n\t\t\t\t\t\t\t\t<\/div>\n\t\t\t\t\t<\/div>\n\t\t<\/section>\n\t\t\t\t<section class=\"elementor-section elementor-top-section elementor-element elementor-element-ae89461 elementor-section-boxed elementor-section-height-default elementor-section-height-default\" data-id=\"ae89461\" data-element_type=\"section\">\n\t\t\t\t\t\t<div class=\"elementor-container elementor-column-gap-default\">\n\t\t\t\t\t\t\t<div class=\"elementor-row\">\n\t\t\t\t\t<div class=\"elementor-column elementor-col-100 elementor-top-column elementor-element elementor-element-796cbf2\" data-id=\"796cbf2\" data-element_type=\"column\">\n\t\t\t<div class=\"elementor-column-wrap elementor-element-populated\">\n\t\t\t\t\t\t\t<div class=\"elementor-widget-wrap\">\n\t\t\t\t\t\t<div class=\"elementor-element elementor-element-3ee9871 elementor-widget elementor-widget-heading\" data-id=\"3ee9871\" data-element_type=\"widget\" data-widget_type=\"heading.default\">\n\t\t\t\t<div class=\"elementor-widget-container\">\n\t\t\t<h2 class=\"elementor-heading-title elementor-size-default\">Que Hacemos<\/h2>\t\t<\/div>\n\t\t\t\t<\/div>\n\t\t\t\t\t\t<\/div>\n\t\t\t\t\t<\/div>\n\t\t<\/div>\n\t\t\t\t\t\t\t\t<\/div>\n\t\t\t\t\t<\/div>\n\t\t<\/section>\n\t\t\t\t<section class=\"elementor-section elementor-top-section elementor-element elementor-element-b5a655c elementor-section-boxed elementor-section-height-default elementor-section-height-default\" data-id=\"b5a655c\" data-element_type=\"section\">\n\t\t\t\t\t\t<div class=\"elementor-container elementor-column-gap-default\">\n\t\t\t\t\t\t\t<div class=\"elementor-row\">\n\t\t\t\t\t<div class=\"elementor-column elementor-col-100 elementor-top-column elementor-element elementor-element-4185148\" data-id=\"4185148\" data-element_type=\"column\">\n\t\t\t<div class=\"elementor-column-wrap elementor-element-populated\">\n\t\t\t\t\t\t\t<div class=\"elementor-widget-wrap\">\n\t\t\t\t\t\t<div class=\"elementor-element elementor-element-edfc853 elementor-widget elementor-widget-text-editor\" data-id=\"edfc853\" data-element_type=\"widget\" data-widget_type=\"text-editor.default\">\n\t\t\t\t<div class=\"elementor-widget-container\">\n\t\t\t\t\t<div class=\"elementor-text-editor elementor-clearfix\"><ul style=\"margin-bottom: 10px; caret-color: #000000; color: #000000; font-family: 'Open Sans'; font-size: 14px;\"><li><p>DENUNCIA de situaciones y leyes racistas o xen\u00f3fobas.<\/p><\/li><li><p>SENSIBILIZACI\u00d3N social.<\/p><\/li><li><p>A trav\u00e9s de ambos campos de actuaci\u00f3n, pretendemos crear espacios para el di\u00e1logo y la convivencia(entre personas y grupos de diferentes identidades, g\u00e9nero, etc, partiendo de la HORIZONTALIDAD).<\/p><\/li><li><p>ATENCI\u00d3N E INFORMACI\u00d3N a las diferentes personas que acuden a laOficina sobre distintos temas <br \/>relacionados con la inmigraci\u00f3n.<\/p><\/li><\/ul><\/div>\n\t\t\t\t<\/div>\n\t\t\t\t<\/div>\n\t\t\t\t\t\t<\/div>\n\t\t\t\t\t<\/div>\n\t\t<\/div>\n\t\t\t\t\t\t\t\t<\/div>\n\t\t\t\t\t<\/div>\n\t\t<\/section>\n\t\t\t\t<section class=\"elementor-section elementor-top-section elementor-element elementor-element-20c18cd elementor-section-boxed elementor-section-height-default elementor-section-height-default\" data-id=\"20c18cd\" data-element_type=\"section\">\n\t\t\t\t\t\t<div class=\"elementor-container elementor-column-gap-default\">\n\t\t\t\t\t\t\t<div class=\"elementor-row\">\n\t\t\t\t\t<div class=\"elementor-column elementor-col-100 elementor-top-column elementor-element elementor-element-6e8d4d2\" data-id=\"6e8d4d2\" data-element_type=\"column\">\n\t\t\t<div class=\"elementor-column-wrap elementor-element-populated\">\n\t\t\t\t\t\t\t<div class=\"elementor-widget-wrap\">\n\t\t\t\t\t\t<div class=\"elementor-element elementor-element-0332ad1 elementor-widget elementor-widget-image\" data-id=\"0332ad1\" data-element_type=\"widget\" data-widget_type=\"image.default\">\n\t\t\t\t<div class=\"elementor-widget-container\">\n\t\t\t\t\t<div class=\"elementor-image\">\n\t\t\t\t\t\t\t\t\t\t<img width=\"640\" height=\"427\" src=\"https:\/\/sosracismonafarroa.es\/wp-content\/uploads\/2020\/06\/sosracismo_22735640-1.jpg\" class=\"attachment-large size-large\" alt=\"\" loading=\"lazy\" srcset=\"https:\/\/sosracismonafarroa.es\/wp-content\/uploads\/2020\/06\/sosracismo_22735640-1.jpg 990w, https:\/\/sosracismonafarroa.es\/wp-content\/uploads\/2020\/06\/sosracismo_22735640-1-300x200.jpg 300w, https:\/\/sosracismonafarroa.es\/wp-content\/uploads\/2020\/06\/sosracismo_22735640-1-768x513.jpg 768w\" sizes=\"(max-width: 640px) 100vw, 640px\" \/>\t\t\t\t\t\t\t\t\t\t\t<\/div>\n\t\t\t\t<\/div>\n\t\t\t\t<\/div>\n\t\t\t\t\t\t<\/div>\n\t\t\t\t\t<\/div>\n\t\t<\/div>\n\t\t\t\t\t\t\t\t<\/div>\n\t\t\t\t\t<\/div>\n\t\t<\/section>\n\t\t\t\t\t\t<\/div>\n\t\t\t\t\t\t<\/div>\n\t\t\t\t\t<\/div>\n\t\t","protected":false},"excerpt":{"rendered":"<p>Quienes Somos Somos una asociaci\u00f3n antirracista cuyo objetivos principales son la defensa de la igualdad de derechos y la\u00a0lucha contra cualquier forma de discriminaci\u00f3n por origen, cultural o por pertenencia a grupo \u00e9tnico, para lo cual trabaja por una transformaci\u00f3n social profunda y por un cambio estructural sustentado en la <a href=\"https:\/\/sosracismonafarroa.es\/index.php\/quienes-somos\/\" class=\"btn-link\">Seguir leyendo<i class=\"ion-ios-arrow-right\"><\/i><\/a><\/p>\n","protected":false},"author":1,"featured_media":278,"parent":0,"menu_order":0,"comment_status":"closed","ping_status":"closed","template":"","meta":[],"yoast_head":"<!-- This site is optimized with the Yoast SEO plugin v15.9.1 - https:\/\/yoast.com\/wordpress\/plugins\/seo\/ -->\n<title>Quienes Somos - SOS RACISMO NAFARROA<\/title>\n<link rel=\"canonical\" href=\"https:\/\/sosracismonafarroa.es\/index.php\/quienes-somos\/\" \/>\n<meta property=\"og:locale\" content=\"es_ES\" \/>\n<meta property=\"og:type\" content=\"article\" \/>\n<meta property=\"og:title\" content=\"Quienes Somos - SOS RACISMO NAFARROA\" \/>\n<meta property=\"og:description\" content=\"Quienes Somos Somos una asociaci\u00f3n antirracista cuyo objetivos principales son la defensa de la igualdad de derechos y la\u00a0lucha contra cualquier forma de discriminaci\u00f3n por origen, cultural o por pertenencia a grupo \u00e9tnico, para lo cual trabaja por una transformaci\u00f3n social profunda y por un cambio estructural sustentado en la Seguir leyendo\" \/>\n<meta property=\"og:url\" content=\"https:\/\/sosracismonafarroa.es\/index.php\/quienes-somos\/\" \/>\n<meta property=\"og:site_name\" content=\"SOS RACISMO NAFARROA\" \/>\n<meta property=\"article:publisher\" content=\"https:\/\/www.facebook.com\/sos.nafarroa\/\" \/>\n<meta property=\"article:modified_time\" content=\"2021-05-09T12:27:00+00:00\" \/>\n<meta property=\"og:image\" content=\"https:\/\/sosracismonafarroa.es\/wp-content\/uploads\/2020\/06\/102801668_2864128263686550_981074674076532233_o-e1592904870402.jpg\" \/>\n\t<meta property=\"og:image:width\" content=\"1024\" \/>\n\t<meta property=\"og:image:height\" content=\"527\" \/>\n<meta name=\"twitter:card\" content=\"summary_large_image\" \/>\n<meta name=\"twitter:site\" content=\"@SOSracismoNafar\" \/>\n<meta name=\"twitter:label1\" content=\"Tiempo de lectura\">\n\t<meta name=\"twitter:data1\" content=\"3 minutos\">\n<script type=\"application\/ld+json\" class=\"yoast-schema-graph\">{\"@context\":\"https:\/\/schema.org\",\"@graph\":[{\"@type\":\"WebSite\",\"@id\":\"http:\/\/sosracismonafarroa.es\/#website\",\"url\":\"http:\/\/sosracismonafarroa.es\/\",\"name\":\"SOS RACISMO NAFARROA\",\"description\":\"Desde 1992 contra el racismo institucional\",\"potentialAction\":[{\"@type\":\"SearchAction\",\"target\":\"http:\/\/sosracismonafarroa.es\/?s={search_term_string}\",\"query-input\":\"required name=search_term_string\"}],\"inLanguage\":\"es\"},{\"@type\":\"ImageObject\",\"@id\":\"https:\/\/sosracismonafarroa.es\/index.php\/quienes-somos\/#primaryimage\",\"inLanguage\":\"es\",\"url\":\"https:\/\/sosracismonafarroa.es\/wp-content\/uploads\/2020\/06\/102801668_2864128263686550_981074674076532233_o-e1592904870402.jpg\",\"width\":1024,\"height\":527},{\"@type\":\"WebPage\",\"@id\":\"https:\/\/sosracismonafarroa.es\/index.php\/quienes-somos\/#webpage\",\"url\":\"https:\/\/sosracismonafarroa.es\/index.php\/quienes-somos\/\",\"name\":\"Quienes Somos - SOS RACISMO NAFARROA\",\"isPartOf\":{\"@id\":\"http:\/\/sosracismonafarroa.es\/#website\"},\"primaryImageOfPage\":{\"@id\":\"https:\/\/sosracismonafarroa.es\/index.php\/quienes-somos\/#primaryimage\"},\"datePublished\":\"2020-06-01T21:31:50+00:00\",\"dateModified\":\"2021-05-09T12:27:00+00:00\",\"breadcrumb\":{\"@id\":\"https:\/\/sosracismonafarroa.es\/index.php\/quienes-somos\/#breadcrumb\"},\"inLanguage\":\"es\",\"potentialAction\":[{\"@type\":\"ReadAction\",\"target\":[\"https:\/\/sosracismonafarroa.es\/index.php\/quienes-somos\/\"]}]},{\"@type\":\"BreadcrumbList\",\"@id\":\"https:\/\/sosracismonafarroa.es\/index.php\/quienes-somos\/#breadcrumb\",\"itemListElement\":[{\"@type\":\"ListItem\",\"position\":1,\"item\":{\"@type\":\"WebPage\",\"@id\":\"http:\/\/sosracismonafarroa.es\/\",\"url\":\"http:\/\/sosracismonafarroa.es\/\",\"name\":\"Portada\"}},{\"@type\":\"ListItem\",\"position\":2,\"item\":{\"@type\":\"WebPage\",\"@id\":\"https:\/\/sosracismonafarroa.es\/index.php\/quienes-somos\/\",\"url\":\"https:\/\/sosracismonafarroa.es\/index.php\/quienes-somos\/\",\"name\":\"Quienes Somos\"}}]}]}<\/script>\n<!-- \/ Yoast SEO plugin. -->","_links":{"self":[{"href":"https:\/\/sosracismonafarroa.es\/index.php\/wp-json\/wp\/v2\/pages\/75"}],"collection":[{"href":"https:\/\/sosracismonafarroa.es\/index.php\/wp-json\/wp\/v2\/pages"}],"about":[{"href":"https:\/\/sosracismonafarroa.es\/index.php\/wp-json\/wp\/v2\/types\/page"}],"author":[{"embeddable":true,"href":"https:\/\/sosracismonafarroa.es\/index.php\/wp-json\/wp\/v2\/users\/1"}],"replies":[{"embeddable":true,"href":"https:\/\/sosracismonafarroa.es\/index.php\/wp-json\/wp\/v2\/comments?post=75"}],"version-history":[{"count":15,"href":"https:\/\/sosracismonafarroa.es\/index.php\/wp-json\/wp\/v2\/pages\/75\/revisions"}],"predecessor-version":[{"id":543,"href":"https:\/\/sosracismonafarroa.es\/index.php\/wp-json\/wp\/v2\/pages\/75\/revisions\/543"}],"wp:featuredmedia":[{"embeddable":true,"href":"https:\/\/sosracismonafarroa.es\/index.php\/wp-json\/wp\/v2\/media\/278"}],"wp:attachment":[{"href":"https:\/\/sosracismonafarroa.es\/index.php\/wp-json\/wp\/v2\/media?parent=75"}],"curies":[{"name":"wp","href":"https:\/\/api.w.org\/{rel}","templated":true}]}}